{"id":22,"date":"2020-03-14T09:57:47","date_gmt":"2020-03-14T09:57:47","guid":{"rendered":"http:\/\/festsaal.sc-v.de\/?page_id=22"},"modified":"2026-03-21T21:43:58","modified_gmt":"2026-03-21T20:43:58","slug":"impressum","status":"publish","type":"page","link":"https:\/\/festsaal.sc-v.de\/?page_id=22","title":{"rendered":"Impressum"},"content":{"rendered":"\n<p>Theater Ingolstadt<\/p>\n\n\n\n<h2 class=\"wp-block-heading\">Herausgeber<\/h2>\n\n\n\n<p>Stadt&nbsp;Ingolstadt<br>Stadttheater<br>Schlossl\u00e4nde&nbsp;1<br>85049&nbsp;Ingolstadt<\/p>\n\n\n\n<p>Tel.:\u00a0(08\u00a041)\u00a0305\u00a047\u00a00<br><\/p>\n\n\n\n<p><a href=\"mailto:info.theater@ingolstadt.de\">info.theater@ingolstadt.de<\/a><br><a rel=\"noreferrer noopener\" href=\"http:\/\/www.theater.ingolstadt.de\/\" target=\"_blank\">www.theater.ingolstadt.de<\/a><\/p>\n\n\n\n<h2 class=\"wp-block-heading\">Vertretungsberechtigt<\/h2>\n\n\n\n<p>Oberb\u00fcrgermeister Dr. Christian Scharpf<\/p>\n\n\n\n<h2 class=\"wp-block-heading\">Inhaltliche Verantwortung<\/h2>\n\n\n\n<p>Intendant Knut&nbsp;Weber<\/p>\n\n\n\n<h2 class=\"wp-block-heading\">Postanschrift<\/h2>\n\n\n\n<p>Stadttheater&nbsp;Ingolstadt<br>Schlossl\u00e4nde&nbsp;1<br>85049&nbsp;Ingolstadt<\/p>\n\n\n\n<h2 class=\"wp-block-heading\"><\/h2>\n\n\n\n<p><\/p>\n\n\n\n<h2 class=\"wp-block-heading\">Umsatzsteueridentifikationsnummer<\/h2>\n\n\n\n<p>Die Umsatzsteueridentifikationsnummer (abgek\u00fcrzt USt-IdNr. oder UID) der Stadt&nbsp;Ingolstadt gem\u00e4\u00df \u00a7&nbsp;27a&nbsp;UStG lautet DE&nbsp;128&nbsp;601&nbsp;333.<\/p>\n\n\n\n<h2 class=\"wp-block-heading\">Copyright und Haftungsausschluss<\/h2>\n\n\n\n<p>Das Layout der Website, die verwendeten Grafiken sowie die Texte sind urheberrechtlich gesch\u00fctzt. Alle Rechte, auch die der fotomechanischen Wiedergabe, der Vervielf\u00e4ltigung und der Verbreitung mittels besonderer Verfahren zum Beispiel Datenverarbeitung, Datentr\u00e4ger, Datennetze, auch teilweise, beh\u00e4lt sich die Stadt&nbsp;Ingolstadt vor. F\u00fcr etwaige Satzfehler sowie f\u00fcr die Richtigkeit der Eintragungen \u00fcbernimmt die Stadt&nbsp;Ingolstadt keine Gew\u00e4hr. F\u00fcr etwaige Sch\u00e4den, die sich aus der Verwendung der abgerufenen Informationen ergeben, wird keine Haftung \u00fcbernommen.<\/p>\n\n\n\n<h2 class=\"wp-block-heading\">Haftungsausschluss \u2013 Verweise und Links<\/h2>\n\n\n\n<p>Bei direkten oder indirekten Verweisen auf fremde Webseiten (\u00bbHyperlinks\u00ab), die au\u00dferhalb des Verantwortungsbereiches des Stadttheater&nbsp;Ingolstadt liegen, w\u00fcrde eine Haftungsverpflichtung ausschlie\u00dflich in dem Fall in Kraft treten, in dem das Stadttheater&nbsp;Ingolstadt von den Inhalten Kenntnis hat und es ihm technisch m\u00f6glich und zumutbar w\u00e4re, die Nutzung im Falle rechtswidriger Inhalte zu verhindern.<br>Wir erkl\u00e4ren hiermit ausdr\u00fccklich, dass zum Zeitpunkt der Linksetzung keine illegalen Inhalte auf den zu verlinkenden Seiten erkennbar waren. Auf die aktuelle und zuk\u00fcnftige Gestaltung, die Inhalte oder die Urheberschaft der verlinkten\/verkn\u00fcpften Seiten hat das Stadttheater&nbsp;Ingolstadt keinerlei Einfluss. Deshalb distanziert das Stadttheater&nbsp;Ingolstadt sich hiermit ausdr\u00fccklich von allen Inhalten aller verlinkten\/verkn\u00fcpften Seiten, die nach der Linksetzung ver\u00e4ndert wurden. Diese Feststellung gilt f\u00fcr alle innerhalb des eigenen Internetangebotes gesetzten Links und Verweise sowie f\u00fcr Fremdeintr\u00e4ge in vom Stadttheater&nbsp;Ingolstadt eingerichteten G\u00e4steb\u00fcchern, Diskussionsforen, Linkverzeichnissen, Mailinglisten und in allen anderen Formen von Datenbanken, auf deren Inhalt externe Schreibzugriffe m\u00f6glich sind. F\u00fcr illegale, fehlerhafte oder unvollst\u00e4ndige Inhalte und insbesondere f\u00fcr Sch\u00e4den, die aus der Nutzung oder Nichtnutzung solcherart dargebotener Informationen entstehen, haftet allein der Anbieter der Seite, auf welche verwiesen wurde, nicht derjenige, der \u00fcber Links auf die jeweilige Ver\u00f6ffentlichung lediglich verweist.<\/p>\n\n\n\n<p>Theater Ingolstadt<\/p>\n","protected":false},"excerpt":{"rendered":"<p>Theater Ingolstadt Herausgeber Stadt&nbsp;IngolstadtStadttheaterSchlossl\u00e4nde&nbsp;185049&nbsp;Ingolstadt Tel.:\u00a0(08\u00a041)\u00a0305\u00a047\u00a00 info.theater@ingolstadt.dewww.theater.ingolstadt.de Vertretungsberechtigt Oberb\u00fcrgermeister Dr. Christian Scharpf Inhaltliche Verantwortung Intendant Knut&nbsp;Weber Postanschrift Stadttheater&nbsp;IngolstadtSchlossl\u00e4nde&nbsp;185049&nbsp;Ingolstadt Umsatzsteueridentifikationsnummer Die Umsatzsteueridentifikationsnummer (abgek\u00fcrzt USt-IdNr. oder UID) der Stadt&nbsp;Ingolstadt gem\u00e4\u00df \u00a7&nbsp;27a&nbsp;UStG lautet DE&nbsp;128&nbsp;601&nbsp;333. &hellip; <\/p>\n<p class=\"link-more\"><a href=\"https:\/\/festsaal.sc-v.de\/?page_id=22\" class=\"more-link\"><span class=\"screen-reader-text\">\u201eImpressum\u201c<\/span> weiterlesen<\/a><\/p>\n","protected":false},"author":1,"featured_media":0,"parent":0,"menu_order":0,"comment_status":"closed","ping_status":"closed","template":"","meta":{"footnotes":""},"jetpack_sharing_enabled":true,"_links":{"self":[{"href":"https:\/\/festsaal.sc-v.de\/index.php?rest_route=\/wp\/v2\/pages\/22"}],"collection":[{"href":"https:\/\/festsaal.sc-v.de\/index.php?rest_route=\/wp\/v2\/pages"}],"about":[{"href":"https:\/\/festsaal.sc-v.de\/index.php?rest_route=\/wp\/v2\/types\/page"}],"author":[{"embeddable":true,"href":"https:\/\/festsaal.sc-v.de\/index.php?rest_route=\/wp\/v2\/users\/1"}],"replies":[{"embeddable":true,"href":"https:\/\/festsaal.sc-v.de\/index.php?rest_route=%2Fwp%2Fv2%2Fcomments&post=22"}],"version-history":[{"count":3,"href":"https:\/\/festsaal.sc-v.de\/index.php?rest_route=\/wp\/v2\/pages\/22\/revisions"}],"predecessor-version":[{"id":7089,"href":"https:\/\/festsaal.sc-v.de\/index.php?rest_route=\/wp\/v2\/pages\/22\/revisions\/7089"}],"wp:attachment":[{"href":"https:\/\/festsaal.sc-v.de\/index.php?rest_route=%2Fwp%2Fv2%2Fmedia&parent=22"}],"curies":[{"name":"wp","href":"https:\/\/api.w.org\/{rel}","templated":true}]}}