{"id":109,"date":"2020-03-17T10:40:15","date_gmt":"2020-03-17T09:40:15","guid":{"rendered":"http:\/\/festsaal.sc-v.de\/?page_id=109"},"modified":"2024-06-05T07:12:31","modified_gmt":"2024-06-05T06:12:31","slug":"technik","status":"publish","type":"page","link":"https:\/\/festsaal.sc-v.de\/?page_id=109","title":{"rendered":"Technik"},"content":{"rendered":"\n<figure class=\"wp-block-table is-style-stripes\"><table><tbody><tr><td><strong>Raum<\/strong><\/td><td>Parkett: 799 qm<\/td><\/tr><tr><td><\/td><td>Rang: 349 qm<\/td><\/tr><tr><td><\/td><td>Foyer: ca. 400 qm<\/td><\/tr><\/tbody><\/table><\/figure>\n\n\n\n<figure class=\"wp-block-table is-style-stripes\"><table><tbody><tr><td><strong>B\u00fchne<\/strong><\/td><td>Gr\u00f6\u00dfe 81-118 qm<\/td><\/tr><tr><td><\/td><td>Breite 12-15m<\/td><\/tr><tr><td><\/td><td>Tiefe 6m, 8m oder 10m<\/td><\/tr><\/tbody><\/table><\/figure>\n\n\n\n<figure class=\"wp-block-table is-style-stripes\"><table><tbody><tr><td><strong>Strom<\/strong>           <\/td><td>B\u00fchne rechts: 1x 125A, 1x 63A, 1x 32A, <br>1x 16A, 3x Schuko <\/td><\/tr><tr><td><\/td><td>B\u00fchne hinten: 1x 63A <\/td><\/tr><tr><td><\/td><td>diverse Schukosteckdosen im Saal<\/td><\/tr><\/tbody><\/table><\/figure>\n\n\n\n<figure class=\"wp-block-table is-style-stripes\"><table><tbody><tr><td><strong>Venue-Sheet Ton<\/strong><\/td><td><strong>FOH<\/strong><\/td><\/tr><tr><td><\/td><td>Soundcraft VI400 <\/td><\/tr><tr><td><\/td><td>Soundcraft Stagerack, 32 Inputs, 16 Outputs <br>Soundcraft Mini Stagebox, 16 Inputs, 8 Outputs<\/td><\/tr><tr><td><\/td><td><strong>Beschallung <\/strong><\/td><\/tr><tr><td><\/td><td>Front: 18x db Technologies VIO208 Line Array <br>Center: db Technologies X12<\/td><\/tr><tr><td><\/td><td>Nearfill: 4x d&amp;b E3, 2x d&amp;b C690 <\/td><\/tr><tr><td><\/td><td>Sidefill Parkett (untern Rang installiert): 10x d&amp;b E3 <\/td><\/tr><tr><td><\/td><td>Sidefill Rang C+B Block: 2x d&amp;b C690<\/td><\/tr><tr><td><\/td><td>Monitore: 4x d&amp;b MAX12, 2x d&amp;b E3 <\/td><\/tr><tr><td><\/td><td><strong>Funksystem<\/strong><\/td><\/tr><tr><td><\/td><td>Sennheiser 3000er Serie Bodypacks + Handsender<\/td><\/tr><tr><td><\/td><td><strong>Mikros<\/strong><\/td><\/tr><tr><td><\/td><td>Sennheiser \/ Shure \/ Neumann \/ Schoeps &#8211; Details gerne auf Anfrage<\/td><\/tr><\/tbody><\/table><\/figure>\n\n\n\n<figure class=\"wp-block-table is-style-stripes\"><table><tbody><tr><td><strong>Venue-Sheet<br>Medientechnik<\/strong><\/td><td>Eiki LC HDT2000  -15000 Ansilumen \u2013 2048 x 1080 <\/td><\/tr><tr><td><\/td><td>Eiki XT 3                -10000 Ansilumen \u2013 1024 x 786<\/td><\/tr><tr><td><\/td><td>Eiki HDT700          -7000 Ansilumen \u2013 1920&#215;1080 <\/td><\/tr><tr><td><\/td><td>Leinwand 6&#215;4 Meter und 4&#215;3 Meter &#8211; Festinstalliert <\/td><\/tr><tr><td><\/td><td>Leinwand 4,5&#215;3 Meter und 1,8&#215;1,8 Meter \u2013 Mobil <\/td><\/tr><tr><td><\/td><td>2x Panasonic Full HD Kameras inkl. Remotesteuerung <\/td><\/tr><\/tbody><\/table><\/figure>\n\n\n\n<figure class=\"wp-block-table is-style-stripes\"><table><tbody><tr><td><strong>Venue-Sheet<br>Licht<\/strong><\/td><td>28x GLP Impression X4 <\/td><\/tr><tr><td><\/td><td>20x ADB 2kW Fresnel <\/td><\/tr><tr><td><\/td><td>6x ADB 1,2kW Fresnel <\/td><\/tr><tr><td><\/td><td>32x Briteq BTX, Spot-Movinghead<\/td><\/tr><tr><td><\/td><td>1x Hazebase Hazer <\/td><\/tr><tr><td><\/td><td>4x LED Fluter 24&#215;10 Watt RGBW <\/td><\/tr><tr><td><\/td><td>9x Infinity Signature TS-300 LED Profilscheinwerfer<\/td><\/tr><tr><td><\/td><td>2x 1,2kW Verfolger<\/td><\/tr><tr><td><\/td><td>weiteres Material auf Anfrage<\/td><\/tr><tr><td><\/td><td><\/td><\/tr><\/tbody><\/table><\/figure>\n\n\n\n<div class=\"wp-block-file\"><object class=\"wp-block-file__embed\" data=\"https:\/\/festsaal.sc-v.de\/wp-content\/uploads\/2024\/06\/DraufsichtFestsaal_1-150.pdf\" type=\"application\/pdf\" style=\"width:100%;height:600px\" aria-label=\"Einbettung von DraufsichtFestsaal_1-150.\"><\/object><a id=\"wp-block-file--media-272ed3ed-fa8f-4dbd-bd73-812b477e1209\" href=\"https:\/\/festsaal.sc-v.de\/wp-content\/uploads\/2024\/06\/DraufsichtFestsaal_1-150.pdf\">DraufsichtFestsaal_1-150<\/a><a href=\"https:\/\/festsaal.sc-v.de\/wp-content\/uploads\/2024\/06\/DraufsichtFestsaal_1-150.pdf\" class=\"wp-block-file__button wp-element-button\" download aria-describedby=\"wp-block-file--media-272ed3ed-fa8f-4dbd-bd73-812b477e1209\">Herunterladen<\/a><\/div>\n\n\n\n<div class=\"wp-block-file\"><object class=\"wp-block-file__embed\" data=\"https:\/\/festsaal.sc-v.de\/wp-content\/uploads\/2024\/06\/Patchplan_Festsaal_2024.pdf\" type=\"application\/pdf\" style=\"width:100%;height:600px\" aria-label=\"Einbettung von Patchplan_Festsaal_2024.\"><\/object><a id=\"wp-block-file--media-b6c62195-7904-422c-a8c0-ad2da1e12cfe\" href=\"https:\/\/festsaal.sc-v.de\/wp-content\/uploads\/2024\/06\/Patchplan_Festsaal_2024.pdf\">Patchplan_Festsaal_2024<\/a><a href=\"https:\/\/festsaal.sc-v.de\/wp-content\/uploads\/2024\/06\/Patchplan_Festsaal_2024.pdf\" class=\"wp-block-file__button wp-element-button\" download aria-describedby=\"wp-block-file--media-b6c62195-7904-422c-a8c0-ad2da1e12cfe\">Herunterladen<\/a><\/div>\n\n\n\n<p><\/p>\n\n\n\n<div class=\"wp-block-file\"><a id=\"wp-block-file--media-df12e1fa-670f-4e8d-aca7-e263a0f13969\" href=\"https:\/\/festsaal.sc-v.de\/wp-content\/uploads\/2024\/06\/Festaal_2024_3DModel.zip\">Festaal_2024_3DModel<\/a><a href=\"https:\/\/festsaal.sc-v.de\/wp-content\/uploads\/2024\/06\/Festaal_2024_3DModel.zip\" class=\"wp-block-file__button wp-element-button\" download aria-describedby=\"wp-block-file--media-df12e1fa-670f-4e8d-aca7-e263a0f13969\">Herunterladen<\/a><\/div>\n\n\n\n\n\n<div class=\"wp-block-file\"><a id=\"wp-block-file--media-e806c604-8513-46f7-b5c0-4919da8420c7\" href=\"https:\/\/festsaal.sc-v.de\/wp-content\/uploads\/2022\/12\/Stage2.pdf\">B\u00fchne_Festsaal<\/a><a href=\"https:\/\/festsaal.sc-v.de\/wp-content\/uploads\/2022\/12\/Stage2.pdf\" class=\"wp-block-file__button wp-element-button\" download aria-describedby=\"wp-block-file--media-e806c604-8513-46f7-b5c0-4919da8420c7\">Herunterladen<\/a><\/div>\n","protected":false},"excerpt":{"rendered":"<p>Raum Parkett: 799 qm Rang: 349 qm Foyer: ca. 400 qm B\u00fchne Gr\u00f6\u00dfe 81-118 qm Breite 12-15m Tiefe 6m, 8m oder 10m Strom B\u00fchne rechts: 1x 125A, 1x 63A, 1x &hellip; <\/p>\n<p class=\"link-more\"><a href=\"https:\/\/festsaal.sc-v.de\/?page_id=109\" class=\"more-link\"><span class=\"screen-reader-text\">\u201eTechnik\u201c<\/span> weiterlesen<\/a><\/p>\n","protected":false},"author":1,"featured_media":0,"parent":0,"menu_order":0,"comment_status":"closed","ping_status":"closed","template":"","meta":{"footnotes":""},"jetpack_sharing_enabled":true,"_links":{"self":[{"href":"https:\/\/festsaal.sc-v.de\/index.php?rest_route=\/wp\/v2\/pages\/109"}],"collection":[{"href":"https:\/\/festsaal.sc-v.de\/index.php?rest_route=\/wp\/v2\/pages"}],"about":[{"href":"https:\/\/festsaal.sc-v.de\/index.php?rest_route=\/wp\/v2\/types\/page"}],"author":[{"embeddable":true,"href":"https:\/\/festsaal.sc-v.de\/index.php?rest_route=\/wp\/v2\/users\/1"}],"replies":[{"embeddable":true,"href":"https:\/\/festsaal.sc-v.de\/index.php?rest_route=%2Fwp%2Fv2%2Fcomments&post=109"}],"version-history":[{"count":24,"href":"https:\/\/festsaal.sc-v.de\/index.php?rest_route=\/wp\/v2\/pages\/109\/revisions"}],"predecessor-version":[{"id":5576,"href":"https:\/\/festsaal.sc-v.de\/index.php?rest_route=\/wp\/v2\/pages\/109\/revisions\/5576"}],"wp:attachment":[{"href":"https:\/\/festsaal.sc-v.de\/index.php?rest_route=%2Fwp%2Fv2%2Fmedia&parent=109"}],"curies":[{"name":"wp","href":"https:\/\/api.w.org\/{rel}","templated":true}]}}